{"id":490,"date":"2022-01-14T14:46:38","date_gmt":"2022-01-14T14:46:38","guid":{"rendered":"https:\/\/sociedadkreativa.bykike.com\/?page_id=490"},"modified":"2024-10-27T19:28:31","modified_gmt":"2024-10-27T19:28:31","slug":"que-es-esto","status":"publish","type":"page","link":"https:\/\/questions.bykike.com\/index.php\/que-es-esto\/","title":{"rendered":"El porqu\u00e9 de \u00e9sto"},"content":{"rendered":"\n<div style=\"height:30px\" aria-hidden=\"true\" class=\"wp-block-spacer\"><\/div>\n\n\n\n<p>Este blog est\u00e1  concebido para para reunir diversas cuestiones que llamaban mi atenci\u00f3n y podr\u00edan inspirarme para la reflexi\u00f3n propia. <\/p>\n\n\n\n<p>Con el tiempo he ido descubriendo que cada una de estas ideas expresaba su propia concepci\u00f3n y resultaba clarificadora y transformadora de mi propia reflexi\u00f3n al respecto del tema que abordaba, al menos seg\u00fan mi interpretaci\u00f3n. <\/p>\n\n\n\n<p>Me resultaba fascinante poder ir a\u00f1adiendo comentarios y modificaciones sobre estas ideas escritas, reflexionar sobre ellas y trascender m\u00e1s all\u00e1 de la propia reflexi\u00f3n que yo mismo hab\u00eda iniciado desde el principio. A fin de cuentas, esto es algo que todos solemos hacer: interpretar y reinterpretar constantemente el mundo que percibimos, proyectando nuestros propios pensamientos de un modo reflexivo y filos\u00f3fico.<\/p>\n\n\n\n<p>Organizo los contenidos en distintas categor\u00edas tan diversas como interesantes como son el arte, dise\u00f1o gr\u00e1fico, inteligencia artificial, programaci\u00f3n, ciencia, medicina, filosof\u00eda, tecnolog\u00eda, entre otros, con el fin de mantener cierta agrupaci\u00f3n tem\u00e1tica.<\/p>\n\n\n\n<p>En definitiva, me gusta replantearme ciertas cuestiones que condicionan mi vida, entendi\u00e9ndola desde un principio de una manera que cuando entro al detalle reflexivo de lo que pienso, encuentro que hay cosas que puedo modificarlas y mejorarlas dandole m\u00e1s luz y entendimiento dejando la posibilidad de seguir mejorando y reinterpretando dichas ideas actualiz\u00e1ndolas.<\/p>\n\n\n\n<div style=\"height:50px\" aria-hidden=\"true\" class=\"wp-block-spacer\"><\/div>\n\n\n\n<div style=\"height:20px\" aria-hidden=\"true\" class=\"wp-block-spacer\"><\/div>\n","protected":false},"excerpt":{"rendered":"<p>Este blog est\u00e1 concebido para para reunir diversas cuestiones que llamaban mi atenci\u00f3n y podr\u00edan inspirarme para la reflexi\u00f3n propia. Con el tiempo he ido [&hellip;]<\/p>\n","protected":false},"author":1,"featured_media":0,"parent":0,"menu_order":0,"comment_status":"closed","ping_status":"closed","template":"","meta":{"footnotes":""},"class_list":["post-490","page","type-page","status-publish","hentry"],"jetpack-related-posts":[],"jetpack_sharing_enabled":true,"_links":{"self":[{"href":"https:\/\/questions.bykike.com\/index.php\/wp-json\/wp\/v2\/pages\/490","targetHints":{"allow":["GET"]}}],"collection":[{"href":"https:\/\/questions.bykike.com\/index.php\/wp-json\/wp\/v2\/pages"}],"about":[{"href":"https:\/\/questions.bykike.com\/index.php\/wp-json\/wp\/v2\/types\/page"}],"author":[{"embeddable":true,"href":"https:\/\/questions.bykike.com\/index.php\/wp-json\/wp\/v2\/users\/1"}],"replies":[{"embeddable":true,"href":"https:\/\/questions.bykike.com\/index.php\/wp-json\/wp\/v2\/comments?post=490"}],"version-history":[{"count":4,"href":"https:\/\/questions.bykike.com\/index.php\/wp-json\/wp\/v2\/pages\/490\/revisions"}],"predecessor-version":[{"id":1705,"href":"https:\/\/questions.bykike.com\/index.php\/wp-json\/wp\/v2\/pages\/490\/revisions\/1705"}],"wp:attachment":[{"href":"https:\/\/questions.bykike.com\/index.php\/wp-json\/wp\/v2\/media?parent=490"}],"curies":[{"name":"wp","href":"https:\/\/api.w.org\/{rel}","templated":true}]}}