{"id":1405,"date":"2023-06-19T10:39:41","date_gmt":"2023-06-19T10:39:41","guid":{"rendered":"https:\/\/questions.bykike.com\/?page_id=1405"},"modified":"2025-04-12T11:39:41","modified_gmt":"2025-04-12T11:39:41","slug":"que-es","status":"publish","type":"page","link":"https:\/\/questions.bykike.com\/index.php\/que-es\/","title":{"rendered":"La necesidad de reflexionar"},"content":{"rendered":"\n<div style=\"height:20px\" aria-hidden=\"true\" class=\"wp-block-spacer\"><\/div>\n\n\n\n<p>Las cuestiones son asuntos, problemas o temas que requieren atenci\u00f3n, an\u00e1lisis o discusi\u00f3n. Se refieren a situaciones o preguntas que plantean dudas, incertidumbres o discrepancias y que necesitan ser resueltas o exploradas de alguna manera. <\/p>\n\n\n\n<p>Las cuestiones pueden abarcar una amplia gama de \u00e1reas, desde cuestiones filos\u00f3ficas y \u00e9ticas hasta problemas pr\u00e1cticos y t\u00e9cnicos en diversos campos. Las cuestiones pueden surgir en contextos personales, sociales, pol\u00edticos, cient\u00edficos o cualquier otro \u00e1mbito en el que exista una necesidad de comprender, evaluar o abordar un tema espec\u00edfico. <\/p>\n\n\n\n<p>En general, las cuestiones son puntos de partida para la reflexi\u00f3n, el an\u00e1lisis y la b\u00fasqueda de soluciones o respuestas.<\/p>\n\n\n\n<p>Por lo tanto, s\u00ed tenemos la necesidad de reflexionar y no de manera superficial.<\/p>\n\n\n\n<div style=\"height:50px\" aria-hidden=\"true\" class=\"wp-block-spacer\"><\/div>\n","protected":false},"excerpt":{"rendered":"<p>Las cuestiones son asuntos, problemas o temas que requieren atenci\u00f3n, an\u00e1lisis o discusi\u00f3n. Se refieren a situaciones o preguntas que plantean dudas, incertidumbres o discrepancias [&hellip;]<\/p>\n","protected":false},"author":1,"featured_media":1427,"parent":0,"menu_order":0,"comment_status":"closed","ping_status":"closed","template":"","meta":{"footnotes":""},"class_list":["post-1405","page","type-page","status-publish","has-post-thumbnail","hentry"],"jetpack-related-posts":[],"jetpack_sharing_enabled":true,"_links":{"self":[{"href":"https:\/\/questions.bykike.com\/index.php\/wp-json\/wp\/v2\/pages\/1405","targetHints":{"allow":["GET"]}}],"collection":[{"href":"https:\/\/questions.bykike.com\/index.php\/wp-json\/wp\/v2\/pages"}],"about":[{"href":"https:\/\/questions.bykike.com\/index.php\/wp-json\/wp\/v2\/types\/page"}],"author":[{"embeddable":true,"href":"https:\/\/questions.bykike.com\/index.php\/wp-json\/wp\/v2\/users\/1"}],"replies":[{"embeddable":true,"href":"https:\/\/questions.bykike.com\/index.php\/wp-json\/wp\/v2\/comments?post=1405"}],"version-history":[{"count":6,"href":"https:\/\/questions.bykike.com\/index.php\/wp-json\/wp\/v2\/pages\/1405\/revisions"}],"predecessor-version":[{"id":1840,"href":"https:\/\/questions.bykike.com\/index.php\/wp-json\/wp\/v2\/pages\/1405\/revisions\/1840"}],"wp:featuredmedia":[{"embeddable":true,"href":"https:\/\/questions.bykike.com\/index.php\/wp-json\/wp\/v2\/media\/1427"}],"wp:attachment":[{"href":"https:\/\/questions.bykike.com\/index.php\/wp-json\/wp\/v2\/media?parent=1405"}],"curies":[{"name":"wp","href":"https:\/\/api.w.org\/{rel}","templated":true}]}}