{"id":1337,"date":"2020-01-12T12:55:02","date_gmt":"2020-01-12T12:55:02","guid":{"rendered":"https:\/\/sociedadkreativa.bykike.com\/?page_id=2"},"modified":"2024-10-27T19:40:04","modified_gmt":"2024-10-27T19:40:04","slug":"sample-page-2","status":"publish","type":"page","link":"https:\/\/questions.bykike.com\/index.php\/sample-page-2\/","title":{"rendered":"\u00bfFilosof\u00eda entonces?"},"content":{"rendered":"\n<div style=\"height:30px\" aria-hidden=\"true\" class=\"wp-block-spacer\"><\/div>\n\n\n\n<p>Pues en cierto modo esto trata de filosofar. Entendiendo la cuesti\u00f3n de los temas a tocar se enmarcan en la continua evoluci\u00f3n del pensamiento, es lo mismo que cuando vemos que la evoluci\u00f3n de la filosof\u00eda es un proceso en constante desarrollo que abarca miles de a\u00f1os de indagaci\u00f3n, cuestionamiento y reflexi\u00f3n sobre los aspectos fundamentales de la existencia humana y del mundo en el que vivimos. A lo largo de la historia, la filosof\u00eda ha experimentado transformaciones, ha abordado diversas tem\u00e1ticas y ha adoptado diferentes enfoques y m\u00e9todos, adapt\u00e1ndose a los cambios culturales, cient\u00edficos y sociales.<\/p>\n\n\n\n<p>La filosof\u00eda tiene sus ra\u00edces en la antigua Grecia, donde pensadores como S\u00f3crates, Plat\u00f3n y Arist\u00f3teles sentaron las bases de la disciplina, investigando cuestiones relacionadas con la \u00e9tica, la pol\u00edtica, la metaf\u00edsica y la epistemolog\u00eda. Estos primeros fil\u00f3sofos buscaban comprender el mundo a trav\u00e9s de la raz\u00f3n y el di\u00e1logo, planteando preguntas esenciales sobre la naturaleza de la realidad, el conocimiento y el prop\u00f3sito de la vida humana.<\/p>\n\n\n\n<p>A lo largo de los siglos, la filosof\u00eda se expandi\u00f3 y se desarroll\u00f3 en diferentes tradiciones y corrientes de pensamiento. En la Edad Media, por ejemplo, la filosof\u00eda estuvo influenciada por la teolog\u00eda cristiana, con figuras destacadas como Santo Tom\u00e1s de Aquino, quien intent\u00f3 reconciliar la fe con la raz\u00f3n filos\u00f3fica.<\/p>\n\n\n\n<p>Durante la Ilustraci\u00f3n, en los siglos XVII y XVIII, la filosof\u00eda se alej\u00f3 de la autoridad religiosa y se centr\u00f3 en la raz\u00f3n y la evidencia emp\u00edrica. Fil\u00f3sofos como Ren\u00e9 Descartes, John Locke, David Hume e Immanuel Kant exploraron temas como la naturaleza del conocimiento, los derechos humanos, la moral y la relaci\u00f3n entre individuo y sociedad.<\/p>\n\n\n\n<p>En el siglo XIX, la filosof\u00eda experiment\u00f3 una diversificaci\u00f3n a\u00fan mayor, con corrientes como el idealismo alem\u00e1n (representado por fil\u00f3sofos como Georg Wilhelm Friedrich Hegel), el positivismo l\u00f3gico (desarrollado por pensadores como Ludwig Wittgenstein) y el existencialismo (promovido por figuras como Jean-Paul Sartre y Friedrich Nietzsche). Estas corrientes filos\u00f3ficas exploraron la conciencia, la subjetividad, la libertad, la existencia humana y la relaci\u00f3n con el mundo.<\/p>\n\n\n\n<p>En el siglo XX y m\u00e1s all\u00e1, la filosof\u00eda continu\u00f3 evolucionando y se desarrollaron nuevas \u00e1reas de investigaci\u00f3n, como la filosof\u00eda de la mente, la filosof\u00eda de la ciencia, la \u00e9tica aplicada, la filosof\u00eda del lenguaje y la filosof\u00eda de la tecnolog\u00eda. La filosof\u00eda tambi\u00e9n se ha acercado a otras disciplinas, como la psicolog\u00eda, la sociolog\u00eda, la neurociencia y la inteligencia artificial, buscando una comprensi\u00f3n m\u00e1s completa y multidisciplinaria del ser humano y su entorno.<\/p>\n\n\n\n<p>La evoluci\u00f3n de la filosof\u00eda implica una constante revisi\u00f3n y reevaluaci\u00f3n de las ideas y conceptos filos\u00f3ficos, as\u00ed como la incorporaci\u00f3n de nuevas perspectivas y enfoques. Aunque algunos debates filos\u00f3ficos pueden parecer recurrentes, la filosof\u00eda evoluciona en respuesta a los avances en el conocimiento humano y a los cambios en la sociedad.<\/p>\n\n\n\n<p>Por lo que si esto va de filosofar, s\u00ed va de \u00e9sto, de transcenderse a uno mismo en sus ideas, en todos estos campos en los que uno se ve inmerso en el contexto que vive, tal como Jos\u00e9 Ortega y Gasset planteaba que \u201cel hombre es \u00e9l y su circunstancia\u201d, bien merece la pena entender los porqu\u00e9s que se derivan de dichas circunstancias que condicionan nuestra manera de pensar y actuar.<\/p>\n\n\n\n<div style=\"height:50px\" aria-hidden=\"true\" class=\"wp-block-spacer\"><\/div>\n","protected":false},"excerpt":{"rendered":"<p>Pues en cierto modo esto trata de filosofar. Entendiendo la cuesti\u00f3n de los temas a tocar se enmarcan en la continua evoluci\u00f3n del pensamiento, es [&hellip;]<\/p>\n","protected":false},"author":1,"featured_media":0,"parent":0,"menu_order":0,"comment_status":"closed","ping_status":"open","template":"","meta":{"footnotes":""},"class_list":["post-1337","page","type-page","status-publish","hentry"],"jetpack-related-posts":[],"jetpack_sharing_enabled":true,"_links":{"self":[{"href":"https:\/\/questions.bykike.com\/index.php\/wp-json\/wp\/v2\/pages\/1337","targetHints":{"allow":["GET"]}}],"collection":[{"href":"https:\/\/questions.bykike.com\/index.php\/wp-json\/wp\/v2\/pages"}],"about":[{"href":"https:\/\/questions.bykike.com\/index.php\/wp-json\/wp\/v2\/types\/page"}],"author":[{"embeddable":true,"href":"https:\/\/questions.bykike.com\/index.php\/wp-json\/wp\/v2\/users\/1"}],"replies":[{"embeddable":true,"href":"https:\/\/questions.bykike.com\/index.php\/wp-json\/wp\/v2\/comments?post=1337"}],"version-history":[{"count":8,"href":"https:\/\/questions.bykike.com\/index.php\/wp-json\/wp\/v2\/pages\/1337\/revisions"}],"predecessor-version":[{"id":1706,"href":"https:\/\/questions.bykike.com\/index.php\/wp-json\/wp\/v2\/pages\/1337\/revisions\/1706"}],"wp:attachment":[{"href":"https:\/\/questions.bykike.com\/index.php\/wp-json\/wp\/v2\/media?parent=1337"}],"curies":[{"name":"wp","href":"https:\/\/api.w.org\/{rel}","templated":true}]}}